{"id":3,"date":"2025-10-15T09:48:30","date_gmt":"2025-10-15T07:48:30","guid":{"rendered":"https:\/\/lma-courtage.fr\/?page_id=3"},"modified":"2025-12-19T10:18:08","modified_gmt":"2025-12-19T09:18:08","slug":"politique-de-confidentialite","status":"publish","type":"page","link":"https:\/\/lma-courtage.fr\/index.php\/politique-de-confidentialite\/","title":{"rendered":"Mentions l\u00e9gales &amp; Politique de confidentialit\u00e9"},"content":{"rendered":"\n<p><\/p>\n\n\n\n<p>Nom de la soci\u00e9t\u00e9 : LMA Courtage &amp; Assurances<\/p>\n\n\n\n<p>Forme juridique : SAS<\/p>\n\n\n\n<p>Adresse du si\u00e8ge : 9 rue de Cond\u00e9 &#8211; Bureau n\u00b03 &#8211; 33000 Bordeaux<\/p>\n\n\n\n<p>Email : contact@lma-courtage.fr<\/p>\n\n\n\n<p>N\u00b0 RCS : 991 784 455 R.C.S. Bordeaux<\/p>\n\n\n\n<p>N\u00b0 ORIAS : 25008695<\/p>\n\n\n\n<p>SAS au capital de 1000\u20ac &#8211; 991 784 455 R.C.S. Bordeaux<\/p>\n\n\n\n<p>Responsabilit\u00e9 Civile Professionnelle des interm\u00e9diaires et conseils de l\u2019assurance conformes aux dispositions des articles du code des assurances.<\/p>\n\n\n\n<p>En cas de diff\u00e9rent, vous pouvez saisir le service r\u00e9clamation par mail&nbsp;:&nbsp;<a href=\"mailto:contact@lma-courtage.fr\">contact@lma-courtage.fr<\/a>. Si la r\u00e9ponse apport\u00e9e ne vous satisfait pas, vous avez la possibilit\u00e9 de saisir le m\u00e9diateur&nbsp;:&nbsp;L&rsquo;entit\u00e9 de m\u00e9diation retenue est VotrAsso, association professionnelle d&rsquo;autor\u00e9gulation du courtage en assurances et de r\u00e9assurance et de leurs mandataires Association agr\u00e9\u00e9e par l&rsquo;ACPR et r\u00e9gie par la Loi du 1er juillet 1901 et par le d\u00e9cret du 16 ao\u00fbt 1901, dont le si\u00e8ge social est situ\u00e9 au 33 rue de la R\u00e9publique &#8211; 69002 LYON, enregistr\u00e9e aupr\u00e8s de la pr\u00e9fecture sous le num\u00e9ro W691104856, SIREN n\u00b0908 554&nbsp;702. Le r\u00e9clamant peut \u00e9galement obtenir des informations aupr\u00e8s de l\u2019Autorit\u00e9 de contr\u00f4le prudentiel et de r\u00e9solution&nbsp;: ACPR&nbsp;: 4 Place de Budapest, CS 92459, 75436 PARIS CEDEX 09&nbsp; \/ https:\/\/www.orias.fr<\/p>\n\n\n\n<p><\/p>\n\n\n\n<h2 class=\"wp-block-heading\">Qui sommes-nous&nbsp;?<\/h2>\n\n\n\n<p>L\u2019adresse de notre site est&nbsp;: https:\/\/lma-courtage.fr.<\/p>\n\n\n\n<h2 class=\"wp-block-heading\">Commentaires<\/h2>\n\n\n\n<p class=\"has-text-align-justify has-text-align-justify\">Quand vous laissez un commentaire sur notre site, les donn\u00e9es inscrites dans le formulaire de commentaire, ainsi que votre adresse IP et l\u2019agent utilisateur de votre navigateur sont collect\u00e9s pour nous aider \u00e0 la d\u00e9tection des commentaires ind\u00e9sirables.<\/p>\n\n\n\n<p class=\"has-text-align-justify has-text-align-justify\">Une cha\u00eene anonymis\u00e9e cr\u00e9\u00e9e \u00e0 partir de votre adresse e-mail (\u00e9galement appel\u00e9e hash) peut \u00eatre envoy\u00e9e au service Gravatar pour v\u00e9rifier si vous utilisez ce dernier. Les clauses de confidentialit\u00e9 du service Gravatar sont disponibles ici&nbsp;: https:\/\/automattic.com\/privacy\/. Apr\u00e8s validation de votre commentaire, votre photo de profil sera visible publiquement \u00e0 cot\u00e9 de votre commentaire.<\/p>\n\n\n\n<h2 class=\"wp-block-heading\">M\u00e9dias<\/h2>\n\n\n\n<p class=\"has-text-align-justify has-text-align-justify\">Si vous t\u00e9l\u00e9versez des images sur le site, nous vous conseillons d\u2019\u00e9viter de t\u00e9l\u00e9verser des images contenant des donn\u00e9es EXIF de coordonn\u00e9es GPS. Les personnes visitant votre site peuvent t\u00e9l\u00e9charger et extraire des donn\u00e9es de localisation depuis ces images.<\/p>\n\n\n\n<h2 class=\"wp-block-heading\">Cookies<\/h2>\n\n\n\n<p class=\"has-text-align-justify has-text-align-justify\">Si vous d\u00e9posez un commentaire sur notre site, il vous sera propos\u00e9 d\u2019enregistrer votre nom, adresse e-mail et site dans des cookies. C\u2019est uniquement pour votre confort afin de ne pas avoir \u00e0 saisir ces informations si vous d\u00e9posez un autre commentaire plus tard. Ces cookies expirent au bout d\u2019un an.<\/p>\n\n\n\n<p class=\"has-text-align-justify has-text-align-justify\">Si vous vous rendez sur la page de connexion, un cookie temporaire sera cr\u00e9\u00e9 afin de d\u00e9terminer si votre navigateur accepte les cookies. Il ne contient pas de donn\u00e9es personnelles et sera supprim\u00e9 automatiquement \u00e0 la fermeture de votre navigateur.<\/p>\n\n\n\n<p class=\"has-text-align-justify has-text-align-justify\">Lorsque vous vous connecterez, nous mettrons en place un certain nombre de cookies pour enregistrer vos informations de connexion et vos pr\u00e9f\u00e9rences d\u2019\u00e9cran. La dur\u00e9e de vie d\u2019un cookie de connexion est de deux jours, celle d\u2019un cookie d\u2019option d\u2019\u00e9cran est d\u2019un an. Si vous cochez \u00ab&nbsp;Se souvenir de moi&nbsp;\u00bb, votre cookie de connexion sera conserv\u00e9 pendant deux semaines. Si vous vous d\u00e9connectez de votre compte, le cookie de connexion sera effac\u00e9.<\/p>\n\n\n\n<p class=\"has-text-align-justify has-text-align-justify\">En modifiant ou en publiant une publication, un cookie suppl\u00e9mentaire sera enregistr\u00e9 dans votre navigateur. Ce cookie ne comprend aucune donn\u00e9e personnelle. Il indique simplement l\u2019ID de la publication que vous venez de modifier. Il expire au bout d\u2019un jour.<\/p>\n\n\n\n<h2 class=\"wp-block-heading\">Contenu embarqu\u00e9 depuis d\u2019autres sites<\/h2>\n\n\n\n<p class=\"has-text-align-justify has-text-align-justify\">Les articles de ce site peuvent inclure des contenus int\u00e9gr\u00e9s (par exemple des vid\u00e9os, images, articles\u2026). Le contenu int\u00e9gr\u00e9 depuis d\u2019autres sites se comporte de la m\u00eame mani\u00e8re que si le visiteur se rendait sur cet autre site.<\/p>\n\n\n\n<p class=\"has-text-align-justify has-text-align-justify\">Ces sites web pourraient collecter des donn\u00e9es sur vous, utiliser des cookies, embarquer des outils de suivis tiers, suivre vos interactions avec ces contenus embarqu\u00e9s si vous disposez d\u2019un compte connect\u00e9 sur leur site web.<\/p>\n\n\n\n<h2 class=\"wp-block-heading\">Utilisation et transmission de vos donn\u00e9es personnelles<\/h2>\n\n\n\n<p class=\"has-text-align-justify has-text-align-justify\">Si vous demandez une r\u00e9initialisation de votre mot de passe, votre adresse IP sera incluse dans l\u2019e-mail de r\u00e9initialisation.<\/p>\n\n\n\n<h2 class=\"wp-block-heading\">Dur\u00e9es de stockage de vos donn\u00e9es<\/h2>\n\n\n\n<p class=\"has-text-align-justify has-text-align-justify\">Si vous laissez un commentaire, le commentaire et ses m\u00e9tadonn\u00e9es sont conserv\u00e9s ind\u00e9finiment. Cela permet de reconna\u00eetre et approuver automatiquement les commentaires suivants au lieu de les laisser dans la file de mod\u00e9ration.<\/p>\n\n\n\n<p class=\"has-text-align-justify has-text-align-justify\">Pour les comptes qui s\u2019inscrivent sur notre site (le cas \u00e9ch\u00e9ant), nous stockons \u00e9galement les donn\u00e9es personnelles indiqu\u00e9es dans leur profil. Tous les comptes peuvent voir, modifier ou supprimer leurs informations personnelles \u00e0 tout moment (\u00e0 l\u2019exception de leur identifiant). Les gestionnaires du site peuvent aussi voir et modifier ces informations.<\/p>\n\n\n\n<h2 class=\"wp-block-heading\">Les droits que vous avez sur vos donn\u00e9es<\/h2>\n\n\n\n<p class=\"has-text-align-justify has-text-align-justify\">Si vous avez un compte ou si vous avez laiss\u00e9 des commentaires sur le site, vous pouvez demander \u00e0 recevoir un fichier contenant toutes les donn\u00e9es personnelles que nous poss\u00e9dons \u00e0 votre sujet, incluant celles que vous nous avez fournies. Vous pouvez \u00e9galement demander la suppression des donn\u00e9es personnelles vous concernant. Cela ne prend pas en compte les donn\u00e9es stock\u00e9es \u00e0 des fins administratives, l\u00e9gales ou pour des raisons de s\u00e9curit\u00e9.<\/p>\n\n\n\n<p><strong>Possibilit\u00e9 de recours aupr\u00e8s de la CNIL en cas de d\u00e9saccord\u00a0:<\/strong><\/p>\n\n\n\n<p>Adresse postale&nbsp;: Commission nationale de l\u2019informatique et des libert\u00e9s, services des plaintes, 3 place de Fontenoy, TSA 80715 \u2013 75334 PARIS CEDEX 07<\/p>\n\n\n\n<p>Lien site\u00a0: <a href=\"https:\/\/www.cnil.fr\/fr\/plaintes\">https:\/\/www.cnil.fr\/fr\/plaintes<\/a><\/p>\n\n\n\n<h2 class=\"wp-block-heading\">O\u00f9 vos donn\u00e9es sont envoy\u00e9es<\/h2>\n\n\n\n<p class=\"has-text-align-justify has-text-align-justify\">Les commentaires des visiteurs peuvent \u00eatre v\u00e9rifi\u00e9s \u00e0 l\u2019aide d\u2019un service automatis\u00e9 de d\u00e9tection des commentaires ind\u00e9sirables.<\/p>\n","protected":false},"excerpt":{"rendered":"<p>Nom de la soci\u00e9t\u00e9 : LMA Courtage &amp; Assurances Forme juridique : SAS Adresse du si\u00e8ge : 9 rue de Cond\u00e9 &#8211; Bureau n\u00b03 &#8211; 33000 Bordeaux Email : contact@lma-courtage.fr N\u00b0 RCS : 991 784 455 R.C.S. Bordeaux N\u00b0 ORIAS : 25008695 SAS au capital de 1000\u20ac &#8211; 991 784 455 R.C.S. Bordeaux Responsabilit\u00e9 Civile [&hellip;]<\/p>\n","protected":false},"author":1,"featured_media":251,"parent":0,"menu_order":0,"comment_status":"closed","ping_status":"open","template":"","meta":{"footnotes":""},"class_list":["post-3","page","type-page","status-publish","has-post-thumbnail","hentry"],"_links":{"self":[{"href":"https:\/\/lma-courtage.fr\/index.php\/wp-json\/wp\/v2\/pages\/3","targetHints":{"allow":["GET"]}}],"collection":[{"href":"https:\/\/lma-courtage.fr\/index.php\/wp-json\/wp\/v2\/pages"}],"about":[{"href":"https:\/\/lma-courtage.fr\/index.php\/wp-json\/wp\/v2\/types\/page"}],"author":[{"embeddable":true,"href":"https:\/\/lma-courtage.fr\/index.php\/wp-json\/wp\/v2\/users\/1"}],"replies":[{"embeddable":true,"href":"https:\/\/lma-courtage.fr\/index.php\/wp-json\/wp\/v2\/comments?post=3"}],"version-history":[{"count":6,"href":"https:\/\/lma-courtage.fr\/index.php\/wp-json\/wp\/v2\/pages\/3\/revisions"}],"predecessor-version":[{"id":433,"href":"https:\/\/lma-courtage.fr\/index.php\/wp-json\/wp\/v2\/pages\/3\/revisions\/433"}],"wp:featuredmedia":[{"embeddable":true,"href":"https:\/\/lma-courtage.fr\/index.php\/wp-json\/wp\/v2\/media\/251"}],"wp:attachment":[{"href":"https:\/\/lma-courtage.fr\/index.php\/wp-json\/wp\/v2\/media?parent=3"}],"curies":[{"name":"wp","href":"https:\/\/api.w.org\/{rel}","templated":true}]}}