{"id":50,"date":"2025-11-07T11:12:06","date_gmt":"2025-11-07T10:12:06","guid":{"rendered":"https:\/\/lma-courtage.fr\/?page_id=50"},"modified":"2025-12-19T10:37:56","modified_gmt":"2025-12-19T09:37:56","slug":"qui-sommes-nous","status":"publish","type":"page","link":"https:\/\/lma-courtage.fr\/index.php\/qui-sommes-nous\/","title":{"rendered":"qui sommes nous"},"content":{"rendered":"\n<h2 class=\"wp-block-heading\">Qui sommes nous ?<\/h2>\n\n\n\n<hr class=\"wp-block-separator has-text-color has-vivid-cyan-blue-color has-alpha-channel-opacity has-vivid-cyan-blue-background-color has-background is-style-wide\"\/>\n\n\n\n<div class=\"wp-block-columns is-layout-flex wp-container-core-columns-is-layout-28f84493 wp-block-columns-is-layout-flex\">\n<div class=\"wp-block-column has-global-padding is-layout-constrained wp-block-column-is-layout-constrained\" style=\"flex-basis:100%\">\n<p><\/p>\n\n\n\n<p class=\"has-text-align-justify has-text-align-justify\">LM<strong>A Courtage &amp; Assurances<\/strong> est n\u00e9e de l\u2019association de deux entrepreneures passionn\u00e9es, Laurence et Marion.<br>Apr\u00e8s plusieurs ann\u00e9es de collaboration fond\u00e9e sur la confiance, la compl\u00e9mentarit\u00e9 et la passion pour notre m\u00e9tier, nous avons choisi d\u2019unir nos forces.<br>Aujourd\u2019hui, nous devenons associ\u00e9es afin de partager une m\u00eame vision du courtage : une approche humaine, moderne et transparente, au service de nos clients.<br>Ensemble, nous souhaitons explorer notre profession diff\u00e9remment, en alliant exigence, innovation et bienveillance.<\/p>\n\n\n\n<p><\/p>\n<\/div>\n<\/div>\n\n\n\n<div class=\"wp-block-columns is-layout-flex wp-container-core-columns-is-layout-e0e4babd wp-block-columns-is-layout-flex\" style=\"padding-right:0;padding-left:0\">\n<div class=\"wp-block-column is-layout-flow wp-block-column-is-layout-flow\">\n<div class=\"wp-block-columns is-layout-flex wp-container-core-columns-is-layout-28f84493 wp-block-columns-is-layout-flex\">\n<div class=\"wp-block-column is-layout-flow wp-block-column-is-layout-flow\">\n<div class=\"wp-block-media-text is-stacked-on-mobile\"><figure class=\"wp-block-media-text__media\"><img fetchpriority=\"high\" decoding=\"async\" width=\"768\" height=\"1024\" src=\"https:\/\/lma-courtage.fr\/wp-content\/uploads\/2025\/11\/laurence-768x1024.jpg\" alt=\"Laurence Beauville\" class=\"wp-image-114 size-full\" srcset=\"https:\/\/lma-courtage.fr\/wp-content\/uploads\/2025\/11\/laurence-768x1024.jpg 768w, https:\/\/lma-courtage.fr\/wp-content\/uploads\/2025\/11\/laurence-225x300.jpg 225w, https:\/\/lma-courtage.fr\/wp-content\/uploads\/2025\/11\/laurence-1152x1536.jpg 1152w, https:\/\/lma-courtage.fr\/wp-content\/uploads\/2025\/11\/laurence-1536x2048.jpg 1536w, https:\/\/lma-courtage.fr\/wp-content\/uploads\/2025\/11\/laurence-scaled.jpg 1920w\" sizes=\"(max-width: 768px) 100vw, 768px\" \/><\/figure><div class=\"wp-block-media-text__content\">\n<p class=\"has-text-align-center has-large-font-size\"><em>Laurence <strong>Beauville<\/strong><\/em><\/p>\n<\/div><\/div>\n<\/div>\n\n\n\n<div class=\"wp-block-column is-layout-flow wp-block-column-is-layout-flow\">\n<div class=\"wp-block-media-text has-media-on-the-right is-stacked-on-mobile\"><div class=\"wp-block-media-text__content\">\n<p class=\"has-text-align-center has-large-font-size\"><em>Marion <strong>Papin<\/strong><\/em><\/p>\n<\/div><figure class=\"wp-block-media-text__media\"><img decoding=\"async\" width=\"768\" height=\"1024\" src=\"https:\/\/lma-courtage.fr\/wp-content\/uploads\/2025\/11\/marion2-768x1024.jpg\" alt=\"\" class=\"wp-image-115 size-full\" srcset=\"https:\/\/lma-courtage.fr\/wp-content\/uploads\/2025\/11\/marion2-768x1024.jpg 768w, https:\/\/lma-courtage.fr\/wp-content\/uploads\/2025\/11\/marion2-225x300.jpg 225w, https:\/\/lma-courtage.fr\/wp-content\/uploads\/2025\/11\/marion2-1152x1536.jpg 1152w, https:\/\/lma-courtage.fr\/wp-content\/uploads\/2025\/11\/marion2-1536x2048.jpg 1536w, https:\/\/lma-courtage.fr\/wp-content\/uploads\/2025\/11\/marion2-scaled.jpg 1920w\" sizes=\"(max-width: 768px) 100vw, 768px\" \/><\/figure><\/div>\n<\/div>\n<\/div>\n<\/div>\n<\/div>\n\n\n\n<p><\/p>\n\n\n\n<p class=\"has-text-align-center\"><a href=\"mailto:contact@lma-courtage.fr\"><em>contact@lma-courtage.fr<\/em><\/a><\/p>\n\n\n\n<p class=\"has-text-align-center has-vivid-red-color has-text-color has-link-color has-medium-font-size wp-elements-03b69d5c0d995826dc109e0e153c6a39\"><a href=\"https:\/\/lma-courtage.fr\/wp-content\/uploads\/2025\/12\/Presentation-LMA-Courtage.pdf\" target=\"_blank\" rel=\"noreferrer noopener\">Pr\u00e9sentation de LMA Courtage &amp; Assurance au format PDF<\/a><\/p>\n\n\n\n<p><\/p>\n","protected":false},"excerpt":{"rendered":"<p>Qui sommes nous ? LMA Courtage &amp; Assurances est n\u00e9e de l\u2019association de deux entrepreneures passionn\u00e9es, Laurence et Marion.Apr\u00e8s plusieurs ann\u00e9es de collaboration fond\u00e9e sur la confiance, la compl\u00e9mentarit\u00e9 et la passion pour notre m\u00e9tier, nous avons choisi d\u2019unir nos forces.Aujourd\u2019hui, nous devenons associ\u00e9es afin de partager une m\u00eame vision du courtage : une approche [&hellip;]<\/p>\n","protected":false},"author":1,"featured_media":0,"parent":0,"menu_order":0,"comment_status":"closed","ping_status":"closed","template":"elementor_theme","meta":{"footnotes":""},"class_list":["post-50","page","type-page","status-publish","hentry"],"_links":{"self":[{"href":"https:\/\/lma-courtage.fr\/index.php\/wp-json\/wp\/v2\/pages\/50","targetHints":{"allow":["GET"]}}],"collection":[{"href":"https:\/\/lma-courtage.fr\/index.php\/wp-json\/wp\/v2\/pages"}],"about":[{"href":"https:\/\/lma-courtage.fr\/index.php\/wp-json\/wp\/v2\/types\/page"}],"author":[{"embeddable":true,"href":"https:\/\/lma-courtage.fr\/index.php\/wp-json\/wp\/v2\/users\/1"}],"replies":[{"embeddable":true,"href":"https:\/\/lma-courtage.fr\/index.php\/wp-json\/wp\/v2\/comments?post=50"}],"version-history":[{"count":26,"href":"https:\/\/lma-courtage.fr\/index.php\/wp-json\/wp\/v2\/pages\/50\/revisions"}],"predecessor-version":[{"id":438,"href":"https:\/\/lma-courtage.fr\/index.php\/wp-json\/wp\/v2\/pages\/50\/revisions\/438"}],"wp:attachment":[{"href":"https:\/\/lma-courtage.fr\/index.php\/wp-json\/wp\/v2\/media?parent=50"}],"curies":[{"name":"wp","href":"https:\/\/api.w.org\/{rel}","templated":true}]}}