{"id":51,"date":"2025-11-07T11:12:06","date_gmt":"2025-11-07T10:12:06","guid":{"rendered":"https:\/\/lma-courtage.fr\/?page_id=51"},"modified":"2025-11-25T16:51:57","modified_gmt":"2025-11-25T15:51:57","slug":"nos-solutions-dassurance","status":"publish","type":"page","link":"https:\/\/lma-courtage.fr\/index.php\/nos-solutions-dassurance\/","title":{"rendered":"Solutions"},"content":{"rendered":"\n<div class=\"wp-block-group has-global-padding is-layout-constrained wp-block-group-is-layout-constrained\"><\/div>\n\n\n\n<p class=\"has-text-align-center\">Nous avons choisi un accompagnement digital exclusif, afin d\u2019\u00eatre pleinement disponibles et de concentrer notre expertise sur votre dossier plut\u00f4t que sur les trajets.<\/p>\n\n\n\n<div class=\"wp-block-columns is-layout-flex wp-container-core-columns-is-layout-28f84493 wp-block-columns-is-layout-flex\">\n<div class=\"wp-block-column is-layout-flow wp-block-column-is-layout-flow\">\n<h4 class=\"wp-block-heading has-text-align-center\">Particulier<\/h4>\n\n\n\n<hr class=\"wp-block-separator has-alpha-channel-opacity\"\/>\n\n\n\n<p class=\"has-text-align-center\"><strong><em>Prot\u00e9ger votre famille, c\u2019est d\u2019abord prendre le temps de vous \u00e9couter et de comprendre votre r\u00e9alit\u00e9.<\/em><\/strong><\/p>\n\n\n\n<p class=\"has-text-align-center\"><strong>Assurances Dommages aux biens<\/strong><\/p>\n\n\n\n<figure class=\"wp-block-image aligncenter size-large is-resized\"><img fetchpriority=\"high\" decoding=\"async\" width=\"1024\" height=\"683\" src=\"https:\/\/lma-courtage.fr\/wp-content\/uploads\/2025\/11\/ChatGPT-Image-20-oct.-2025-15_29_10-1024x683.png\" alt=\"\" class=\"wp-image-342\" style=\"width:260px\" srcset=\"https:\/\/lma-courtage.fr\/wp-content\/uploads\/2025\/11\/ChatGPT-Image-20-oct.-2025-15_29_10-1024x683.png 1024w, https:\/\/lma-courtage.fr\/wp-content\/uploads\/2025\/11\/ChatGPT-Image-20-oct.-2025-15_29_10-300x200.png 300w, https:\/\/lma-courtage.fr\/wp-content\/uploads\/2025\/11\/ChatGPT-Image-20-oct.-2025-15_29_10-768x512.png 768w, https:\/\/lma-courtage.fr\/wp-content\/uploads\/2025\/11\/ChatGPT-Image-20-oct.-2025-15_29_10.png 1536w\" sizes=\"(max-width: 1024px) 100vw, 1024px\" \/><\/figure>\n\n\n\n<ul class=\"wp-block-list\">\n<li>Auto<\/li>\n\n\n\n<li>V\u00e9hicule de collection<\/li>\n\n\n\n<li>2 Roues<\/li>\n\n\n\n<li>V\u00e9hicules de collection<\/li>\n\n\n\n<li>Habitation Principale<\/li>\n\n\n\n<li>Propri\u00e9taire Non occupant<\/li>\n\n\n\n<li>Protection Juridique<\/li>\n\n\n\n<li>Dommages Ouvrage<\/li>\n<\/ul>\n\n\n\n<p class=\"has-text-align-center\"><strong>Protection sociale<\/strong><\/p>\n\n\n\n<figure class=\"wp-block-image aligncenter size-large is-resized\"><img decoding=\"async\" width=\"1024\" height=\"683\" src=\"https:\/\/lma-courtage.fr\/wp-content\/uploads\/2025\/11\/Famille-1-1024x683.png\" alt=\"\" class=\"wp-image-124\" style=\"width:260px\" srcset=\"https:\/\/lma-courtage.fr\/wp-content\/uploads\/2025\/11\/Famille-1-1024x683.png 1024w, https:\/\/lma-courtage.fr\/wp-content\/uploads\/2025\/11\/Famille-1-300x200.png 300w, https:\/\/lma-courtage.fr\/wp-content\/uploads\/2025\/11\/Famille-1-768x512.png 768w, https:\/\/lma-courtage.fr\/wp-content\/uploads\/2025\/11\/Famille-1.png 1536w\" sizes=\"(max-width: 1024px) 100vw, 1024px\" \/><\/figure>\n\n\n\n<ul class=\"wp-block-list\">\n<li>Sant\u00e9 Chien\/chat<\/li>\n\n\n\n<li>Garanties des Accidents de la vie<\/li>\n\n\n\n<li>Sant\u00e9<\/li>\n\n\n\n<li>Sant\u00e9 senior<\/li>\n<\/ul>\n\n\n\n<p class=\"has-text-align-center\"><strong>Epargne &amp; Retraite<\/strong><\/p>\n\n\n\n<figure class=\"wp-block-image aligncenter size-large is-resized\"><img decoding=\"async\" width=\"1024\" height=\"683\" src=\"https:\/\/lma-courtage.fr\/wp-content\/uploads\/2025\/11\/ChatGPT-Image-20-oct.-2025-15_45_51-1024x683.png\" alt=\"\" class=\"wp-image-343\" style=\"width:260px\" srcset=\"https:\/\/lma-courtage.fr\/wp-content\/uploads\/2025\/11\/ChatGPT-Image-20-oct.-2025-15_45_51-1024x683.png 1024w, https:\/\/lma-courtage.fr\/wp-content\/uploads\/2025\/11\/ChatGPT-Image-20-oct.-2025-15_45_51-300x200.png 300w, https:\/\/lma-courtage.fr\/wp-content\/uploads\/2025\/11\/ChatGPT-Image-20-oct.-2025-15_45_51-768x512.png 768w, https:\/\/lma-courtage.fr\/wp-content\/uploads\/2025\/11\/ChatGPT-Image-20-oct.-2025-15_45_51.png 1536w\" sizes=\"(max-width: 1024px) 100vw, 1024px\" \/><\/figure>\n\n\n\n<ul class=\"wp-block-list\">\n<li>PER individuel<\/li>\n<\/ul>\n\n\n\n<p class=\"has-text-align-center\"><strong>Pr\u00e9voyance<\/strong><\/p>\n\n\n\n<ul class=\"wp-block-list\">\n<li>Assurance emprunteur<\/li>\n<\/ul>\n<\/div>\n\n\n\n<div class=\"wp-block-column is-layout-flow wp-block-column-is-layout-flow\">\n<h4 class=\"wp-block-heading has-text-align-center\">Professionnels et Entreprises<\/h4>\n\n\n\n<hr class=\"wp-block-separator has-alpha-channel-opacity\"\/>\n\n\n\n<p class=\"has-text-align-center\"><strong><em>Votre \u00e9nergie est pr\u00e9cieuse. Nous la pr\u00e9servons en vous apportant un conseil sur-mesure et un suivi discret, r\u00e9actif et humain.<\/em><\/strong><\/p>\n\n\n\n<p class=\"has-text-align-center\"><strong>Assurances Dommages aux Biens<\/strong><\/p>\n\n\n\n<figure class=\"wp-block-image aligncenter size-large is-resized\"><img loading=\"lazy\" decoding=\"async\" width=\"1024\" height=\"683\" src=\"https:\/\/lma-courtage.fr\/wp-content\/uploads\/2025\/11\/ChatGPT-Image-20-oct.-2025-17_06_30-1024x683.png\" alt=\"\" class=\"wp-image-346\" style=\"width:260px\" srcset=\"https:\/\/lma-courtage.fr\/wp-content\/uploads\/2025\/11\/ChatGPT-Image-20-oct.-2025-17_06_30-1024x683.png 1024w, https:\/\/lma-courtage.fr\/wp-content\/uploads\/2025\/11\/ChatGPT-Image-20-oct.-2025-17_06_30-300x200.png 300w, https:\/\/lma-courtage.fr\/wp-content\/uploads\/2025\/11\/ChatGPT-Image-20-oct.-2025-17_06_30-768x512.png 768w, https:\/\/lma-courtage.fr\/wp-content\/uploads\/2025\/11\/ChatGPT-Image-20-oct.-2025-17_06_30.png 1536w\" sizes=\"(max-width: 1024px) 100vw, 1024px\" \/><\/figure>\n\n\n\n<ul class=\"wp-block-list\">\n<li>Flotte Automobile<\/li>\n\n\n\n<li>Responsabilit\u00e9 Civile Professionnelle\/Entreprise<\/li>\n\n\n\n<li>Responsabilit\u00e9 du Dirigeant<\/li>\n\n\n\n<li>Auto-Mission<\/li>\n\n\n\n<li>Multirisque Professionnelle\/ Entreprise<\/li>\n\n\n\n<li>Bris de Machine<\/li>\n\n\n\n<li>Protection Juridique<\/li>\n\n\n\n<li>Responsabilit\u00e9 Civile et D\u00e9cennale<\/li>\n\n\n\n<li>Immeuble<\/li>\n\n\n\n<li>Dommages Ouvrage<\/li>\n<\/ul>\n\n\n\n<p class=\"has-text-align-center\"><strong>Protection sociale<\/strong><\/p>\n\n\n\n<ul class=\"wp-block-list\">\n<li>Sant\u00e9 TNS<\/li>\n\n\n\n<li>Sant\u00e9 Collective<\/li>\n\n\n\n<li>Pr\u00e9voyance TNS<\/li>\n\n\n\n<li>Pr\u00e9voyance Collective<\/li>\n<\/ul>\n\n\n\n<ul class=\"wp-block-list\"><\/ul>\n\n\n\n<p class=\"has-text-align-center\"><strong>Pr\u00e9voyance<\/strong><\/p>\n\n\n\n<ul class=\"wp-block-list\">\n<li>Assurance emprunteur<\/li>\n<\/ul>\n<\/div>\n<\/div>\n\n\n\n<figure class=\"wp-block-image aligncenter size-full is-resized\"><img loading=\"lazy\" decoding=\"async\" width=\"175\" height=\"132\" src=\"https:\/\/lma-courtage.fr\/wp-content\/uploads\/2025\/11\/cropped-logo6.png\" alt=\"\" class=\"wp-image-45\" style=\"width:69px;height:auto\"\/><\/figure>\n","protected":false},"excerpt":{"rendered":"<p>Nous avons choisi un accompagnement digital exclusif, afin d\u2019\u00eatre pleinement disponibles et de concentrer notre expertise sur votre dossier plut\u00f4t que sur les trajets. Particulier Prot\u00e9ger votre famille, c\u2019est d\u2019abord prendre le temps de vous \u00e9couter et de comprendre votre r\u00e9alit\u00e9. Assurances Dommages aux biens Protection sociale Epargne &amp; Retraite Pr\u00e9voyance Professionnels et Entreprises Votre [&hellip;]<\/p>\n","protected":false},"author":1,"featured_media":145,"parent":0,"menu_order":0,"comment_status":"closed","ping_status":"closed","template":"","meta":{"footnotes":""},"class_list":["post-51","page","type-page","status-publish","has-post-thumbnail","hentry"],"_links":{"self":[{"href":"https:\/\/lma-courtage.fr\/index.php\/wp-json\/wp\/v2\/pages\/51","targetHints":{"allow":["GET"]}}],"collection":[{"href":"https:\/\/lma-courtage.fr\/index.php\/wp-json\/wp\/v2\/pages"}],"about":[{"href":"https:\/\/lma-courtage.fr\/index.php\/wp-json\/wp\/v2\/types\/page"}],"author":[{"embeddable":true,"href":"https:\/\/lma-courtage.fr\/index.php\/wp-json\/wp\/v2\/users\/1"}],"replies":[{"embeddable":true,"href":"https:\/\/lma-courtage.fr\/index.php\/wp-json\/wp\/v2\/comments?post=51"}],"version-history":[{"count":40,"href":"https:\/\/lma-courtage.fr\/index.php\/wp-json\/wp\/v2\/pages\/51\/revisions"}],"predecessor-version":[{"id":431,"href":"https:\/\/lma-courtage.fr\/index.php\/wp-json\/wp\/v2\/pages\/51\/revisions\/431"}],"wp:featuredmedia":[{"embeddable":true,"href":"https:\/\/lma-courtage.fr\/index.php\/wp-json\/wp\/v2\/media\/145"}],"wp:attachment":[{"href":"https:\/\/lma-courtage.fr\/index.php\/wp-json\/wp\/v2\/media?parent=51"}],"curies":[{"name":"wp","href":"https:\/\/api.w.org\/{rel}","templated":true}]}}